{"id":710,"date":"2022-12-16T15:32:19","date_gmt":"2022-12-16T14:32:19","guid":{"rendered":"https:\/\/lesrip.fr\/?page_id=710"},"modified":"2022-12-16T16:07:29","modified_gmt":"2022-12-16T15:07:29","slug":"mentions-legales","status":"publish","type":"page","link":"https:\/\/lesrip.fr\/index.php\/mentions-legales\/","title":{"rendered":"Mentions l\u00e9gales"},"content":{"rendered":"<div id=\"pl-710\"  class=\"panel-layout\" ><div id=\"pg-710-0\"  class=\"panel-grid panel-has-style\" ><div class=\"panel-row-style panel-row-style-for-710-0\" ><div id=\"pgc-710-0-0\"  class=\"panel-grid-cell panel-grid-cell-empty\" ><\/div><div id=\"pgc-710-0-1\"  class=\"panel-grid-cell panel-grid-cell-mobile-last\" ><div class=\"panel-cell-style panel-cell-style-for-710-0-1\" ><div id=\"panel-710-0-1-0\" class=\"so-panel widget widget_sow-editor panel-first-child panel-last-child\" data-index=\"0\" ><div id=\"recit\" class=\"panel-widget-style panel-widget-style-for-710-0-1-0\" ><div\n\t\t\t\n\t\t\tclass=\"so-widget-sow-editor so-widget-sow-editor-base\"\n\t\t\t\n\t\t>\n<div class=\"siteorigin-widget-tinymce textwidget\">\n\t<h3><strong>\u00c9diteur du site<\/strong><\/h3>\n<h6>RACONTEURS D\u2019ITIN\u00c9RAIRES PROFESSIONNELS<br \/>\nAssociation r\u00e9gie par la loi du 1er juillet 1901 et le d\u00e9cret du 16 ao\u00fbt 1901<br \/>\nSi\u00e8ge social : Chez M. Michel Blondel, 7 rue Paul Huvelin 69110 Sainte Foy les Lyon<br \/>\nIdentifiant R\u00e9pertoire National des Associations (RNA) : W691090044<\/h6>\n<h6>Directeur de la publication : Jean-Pierre Reinmann<br \/>\nH\u00e9bergeur : OVH<\/h6>\n<h3><strong>Politique de confidentialit\u00e9<\/strong><\/h3>\n<h6><strong>Donn\u00e9es personnelles collect\u00e9es<\/strong><br \/>\nLors de la navigation sur le site lesrip.fr, les donn\u00e9es suivantes peuvent \u00eatre recueillies via un formulaire de contact :<br \/>\n- Nom et pr\u00e9nom du r\u00e9pondant<br \/>\n- Email<br \/>\n- T\u00e9l\u00e9phone<br \/>\n- Message<br \/>\nAucune donn\u00e9e suppl\u00e9mentaire n\u2019est collect\u00e9e.<\/h6>\n<h6><strong>Traitement de ces donn\u00e9es<\/strong><br \/>\nLes donn\u00e9es personnelles recueillies sur le site lesrip.fr ne sont collect\u00e9es et trait\u00e9es que dans le cadre des \u00e9changes faisant suite \u00e0 une demande d\u2019information.<\/h6>\n<h6><strong>Stockage et protection des donn\u00e9es personnelles<\/strong><br \/>\nL\u2019association Raconteurs d\u2019Itin\u00e9raires Professionnels ne conserve pas les donn\u00e9es personnelles plus longtemps que ce qui est n\u00e9cessaire \u00e0 la r\u00e9alisation des fins pour lesquelles elles sont collect\u00e9es.<br \/>\nLa protection de ces donn\u00e9es est assur\u00e9e par un stockage informatique crypt\u00e9.<\/h6>\n<h6><strong>Droits de l\u2019utilisateur<\/strong><br \/>\nConform\u00e9ment au chapitre 3, art 12-23 du RGPD, les utilisateurs du site lesrip.fr ont, en ce qui concerne leurs donn\u00e9es personnelles, les droits suivants :<br \/>\n- Droit d\u2019acc\u00e8s<br \/>\n- Droit de rectification<br \/>\n- Droit \u00e0 l\u2019effacement<br \/>\n- Droit de restreindre le traitement<br \/>\n- Droit \u00e0 la portabilit\u00e9 des donn\u00e9es<br \/>\n- Droit d\u2019objection<br \/>\nPour faire valoir l\u2019un de ses droits, acc\u00e9der \u00e0 vos donn\u00e9es, les modifier ou les supprimer d\u2019une quelconque mani\u00e8re, vous pouvez communiquer avec l\u2019association Raconteurs d\u2019Itin\u00e9raires Professionnels via le formulaire de contact ou par courrier \u00e0 l\u2019adresse du si\u00e8ge.<\/h6>\n<h6><strong>Politique au sujet des cookies<\/strong><br \/>\nLe site lesrip.fr n\u2019utiise aucun cookie d\u2019aucune sorte.<\/h6>\n<h6><strong>Modification de la politique de confidentialit\u00e9<\/strong><br \/>\nAfin de rester en accord avec la loi ou de refl\u00e9ter tout changement dans notre processus de gestion des donn\u00e9es personnelles, la pr\u00e9sente politique de confidentialit\u00e9 peut \u00eatre amen\u00e9e \u00e0 changer et \u00e0 \u00eatre modifi\u00e9e r\u00e9guli\u00e8rement. Il est recommand\u00e9 aux utilisateurs de v\u00e9rifier r\u00e9guli\u00e8rement cette politique afin de se tenir inform\u00e9s de notre politique en termes de collecte et de traitement de donn\u00e9es personnelles.<\/h6>\n<\/div>\n<\/div><\/div><\/div><\/div><\/div><div id=\"pgc-710-0-2\"  class=\"panel-grid-cell panel-grid-cell-empty\" ><\/div><\/div><\/div><\/div>","protected":false},"excerpt":{"rendered":"<p>\u00c9diteur du site RACONTEURS D\u2019ITIN\u00c9RAIRES PROFESSIONNELS Association r\u00e9gie par la loi du 1er juillet 1901 et le d\u00e9cret du 16 ao\u00fbt 1901 Si\u00e8ge social : Chez M. Michel Blondel, 7 rue Paul Huvelin 69110 Sainte Foy les Lyon Identifiant R\u00e9pertoire National des Associations (RNA) : W691090044 Directeur de la publication : Jean-Pierre Reinmann H\u00e9bergeur : [&hellip;]<\/p>\n","protected":false},"author":1,"featured_media":0,"parent":0,"menu_order":0,"comment_status":"closed","ping_status":"closed","template":"page-templates\/full-width-page.php","meta":{"om_disable_all_campaigns":false,"_mi_skip_tracking":false,"footnotes":""},"class_list":["post-710","page","type-page","status-publish","hentry"],"aioseo_notices":[],"_links":{"self":[{"href":"https:\/\/lesrip.fr\/index.php\/wp-json\/wp\/v2\/pages\/710","targetHints":{"allow":["GET"]}}],"collection":[{"href":"https:\/\/lesrip.fr\/index.php\/wp-json\/wp\/v2\/pages"}],"about":[{"href":"https:\/\/lesrip.fr\/index.php\/wp-json\/wp\/v2\/types\/page"}],"author":[{"embeddable":true,"href":"https:\/\/lesrip.fr\/index.php\/wp-json\/wp\/v2\/users\/1"}],"replies":[{"embeddable":true,"href":"https:\/\/lesrip.fr\/index.php\/wp-json\/wp\/v2\/comments?post=710"}],"version-history":[{"count":4,"href":"https:\/\/lesrip.fr\/index.php\/wp-json\/wp\/v2\/pages\/710\/revisions"}],"predecessor-version":[{"id":714,"href":"https:\/\/lesrip.fr\/index.php\/wp-json\/wp\/v2\/pages\/710\/revisions\/714"}],"wp:attachment":[{"href":"https:\/\/lesrip.fr\/index.php\/wp-json\/wp\/v2\/media?parent=710"}],"curies":[{"name":"wp","href":"https:\/\/api.w.org\/{rel}","templated":true}]}}